{"id":1080,"date":"2017-10-17T20:07:15","date_gmt":"2017-10-17T19:07:15","guid":{"rendered":"http:\/\/www.eitel-art.de\/?page_id=1080"},"modified":"2017-10-18T20:58:08","modified_gmt":"2017-10-18T19:58:08","slug":"tatorte-kunst-2017","status":"publish","type":"page","link":"https:\/\/www.eitel-art.de\/?page_id=1080","title":{"rendered":"Tatorte Kunst 2017"},"content":{"rendered":"<h2>Ank\u00fcndigung, 29.10.2017 von 12:00 . 18:00 Uhr<\/h2>\n<div class=\"entry-content\">\n<p>&nbsp;<a href=\"https:\/\/www.eitel-art.de\/wp-content\/uploads\/2017\/10\/tatorte_kunst_2017-e1508356279378.jpg\"><img decoding=\"async\" loading=\"lazy\" class=\"wp-image-974 alignright\" src=\"https:\/\/www.eitel-art.de\/wp-content\/uploads\/2017\/10\/tatorte_kunst_2017-e1508356279378.jpg\" alt=\"tatorte kunst 2017\" width=\"354\" height=\"259\"><\/a><a href=\"https:\/\/www.tatorte-kunst.de\/k%C3%BCnstler-2017\/\" target=\"_blank\" rel=\"noopener\">Wiesbadener K\u00fcnstler<\/a> \u00f6ffnen am 29.10.2017 wieder ihre Pforten zu <a href=\"http:\/\/www.tatorte-kunst.de\/\" target=\"_blank\" rel=\"noopener\">\u201eTatorte Kunst\u201c<\/a> und laden Sie auf einem Rundgang in Wiesbaden-Mitte zum Besuch ihrer Ateliers, Werkst\u00e4tten und Galerien ein.<\/p>\n<p>Ich zeige an diesem spannenden Ausstellungstag eine Auswahl meiner farbenpr\u00e4chtigen Pastellbilder (<a href=\"https:\/\/www.instagram.com\/eitel_art\/\" target=\"_blank\" rel=\"noopener\">www.instagram.com\/eitel_art<\/a>) und freue mich auf reges Interesse aller Kunstinteressierten. Ich werde Ihnen auch in diesem Jahr gerne zeigen, wie diese leuchtenden Pastell-Landschaften entstehen. Lassen Sie sich an diesem Tag faszinieren und wagen vielleicht selbst mal einen &#8222;kleinen Strich&#8220;?<\/p>\n<p>&nbsp;<\/p>\n<p><a href=\"https:\/\/www.eitel-art.de\/wp-content\/uploads\/2017\/10\/Andreas-Winkler.jpg \"><img decoding=\"async\" loading=\"lazy\" class=\"alignleft wp-image-976\" src=\"https:\/\/www.eitel-art.de\/wp-content\/uploads\/2017\/10\/Andreas-Winkler.jpg\" alt=\"Andreas Winkler - FFM\" width=\"270\" height=\"272\"><\/a>Erweitert wird die Ausstellung wieder durch Fotografien von <strong><a href=\"http:\/\/aw-sys.net\/photo\/\" target=\"_blank\" rel=\"noopener\">Andreas Winkler<\/a>!<\/strong> Er setzt mit seinen Frankfurter Stadtszenen einen deutlichen Kontrast zur Pastellmalerei, erg\u00e4nzt diese jedoch auch um weitere Landschaftsszenen.<\/p>\n<p>&nbsp;<br \/>\n&nbsp;<\/p>\n<p><a href=\"https:\/\/www.google.de\/maps\/place\/W%C3%B6rthstra%C3%9Fe+3,+65185+Wiesbaden\/@50.0781704,8.2301704,17z\/data=!3m1!4b1!4m5!3m4!1s0x47bdbe74c4760f4f:0xe8f62b0a233653a4!8m2!3d50.078167!4d8.2323644\" target=\"_blank\" rel=\"noopener\"><strong>TATORT 32<\/strong><\/a>: Das Atelier finden Sie in der <strong>W\u00f6rthstrasse 3, 65185 Wiesbaden<\/strong> in beziehungsweise hinter <a href=\"http:\/\/www.kikos-strickschule.de\/\" target=\"_blank\" rel=\"noopener\">Kikoss Strickschule<\/a>.<\/p>\n<p><strong>Das Verzeichnis<\/strong> der teilnehmenden K\u00fcnstler und ein Lageplan der Ateliers finden Sie im <a href=\"http:\/\/www.tatorte-kunst.de\/programm-2017\/\" target=\"_blank\" rel=\"noopener\">Gesamtprogramm \u201eTatorte Kunst\u201c<\/a>.<\/p>\n<\/div>\n<p>&nbsp;<\/p>\n","protected":false},"excerpt":{"rendered":"<p>Ank\u00fcndigung, 29.10.2017 von 12:00 . 18:00 Uhr &nbsp;Wiesbadener K\u00fcnstler \u00f6ffnen am 29.10.2017 wieder ihre Pforten zu \u201eTatorte Kunst\u201c und laden Sie auf einem Rundgang in Wiesbaden-Mitte zum Besuch ihrer Ateliers, Werkst\u00e4tten und Galerien ein. Ich zeige an diesem spannenden Ausstellungstag eine Auswahl meiner farbenpr\u00e4chtigen Pastellbilder (www.instagram.com\/eitel_art) und freue mich auf reges Interesse aller Kunstinteressierten. Ich&hellip; <a class=\"more-link\" href=\"https:\/\/www.eitel-art.de\/?page_id=1080\"><span class=\"screen-reader-text\">Tatorte Kunst 2017<\/span> weiterlesen<\/a><\/p>\n","protected":false},"author":1,"featured_media":0,"parent":546,"menu_order":0,"comment_status":"closed","ping_status":"closed","template":"","meta":{"ngg_post_thumbnail":0},"_links":{"self":[{"href":"https:\/\/www.eitel-art.de\/index.php?rest_route=\/wp\/v2\/pages\/1080"}],"collection":[{"href":"https:\/\/www.eitel-art.de\/index.php?rest_route=\/wp\/v2\/pages"}],"about":[{"href":"https:\/\/www.eitel-art.de\/index.php?rest_route=\/wp\/v2\/types\/page"}],"author":[{"embeddable":true,"href":"https:\/\/www.eitel-art.de\/index.php?rest_route=\/wp\/v2\/users\/1"}],"replies":[{"embeddable":true,"href":"https:\/\/www.eitel-art.de\/index.php?rest_route=%2Fwp%2Fv2%2Fcomments&post=1080"}],"version-history":[{"count":22,"href":"https:\/\/www.eitel-art.de\/index.php?rest_route=\/wp\/v2\/pages\/1080\/revisions"}],"predecessor-version":[{"id":1106,"href":"https:\/\/www.eitel-art.de\/index.php?rest_route=\/wp\/v2\/pages\/1080\/revisions\/1106"}],"up":[{"embeddable":true,"href":"https:\/\/www.eitel-art.de\/index.php?rest_route=\/wp\/v2\/pages\/546"}],"wp:attachment":[{"href":"https:\/\/www.eitel-art.de\/index.php?rest_route=%2Fwp%2Fv2%2Fmedia&parent=1080"}],"curies":[{"name":"wp","href":"https:\/\/api.w.org\/{rel}","templated":true}]}}