{"id":1109,"date":"2018-10-22T19:39:39","date_gmt":"2018-10-22T18:39:39","guid":{"rendered":"http:\/\/www.eitel-art.de\/?page_id=1109"},"modified":"2018-10-22T20:43:58","modified_gmt":"2018-10-22T19:43:58","slug":"tatorte-kunst-2018","status":"publish","type":"page","link":"https:\/\/www.eitel-art.de\/?page_id=1109","title":{"rendered":"Tatorte Kunst 2018"},"content":{"rendered":"<h2>Ank\u00fcndigung, 28.10.2018 von 12:00 &#8211; 18:00 Uhr<\/h2>\n<div class=\"entry-content\">\n<p><a href=\"https:\/\/www.eitel-art.de\/tatorte-kunst-2016\/Klippe_Small.jpg\"><img decoding=\"async\" loading=\"lazy\" class=\"wp-image-974 alignright\" src=\"https:\/\/www.eitel-art.de\/tatorte-kunst-2016\/Klippe_Small.jpg\" alt=\"tatorte kunst 2017\" width=\"354\" height=\"259\"><\/a>Wiesbadener K\u00fcnstler \u00f6ffnen am 28.10.2018 nun zum zehnten Mal ihre Pforten zu <a href=\"http:\/\/www.tatorte-kunst.de\/\" target=\"_blank\" rel=\"noopener\">\u201eTatorte Kunst\u201c<\/a> und laden Sie auf einem Rundgang in Wiesbaden-Mitte zum Besuch ihrer Ateliers, Werkst\u00e4tten und Galerien ein.<\/p>\n<p>Ich zeige an diesem spannenden Ausstellungstag eine Auswahl meiner farbenpr\u00e4chtigen <a href=\"https:\/\/www.instagram.com\/eitel_art\/\" target=\"_blank\">Pastellbilder<\/a>  und freue mich auf reges Interesse aller Kunstinteressierten. Ich werde Ihnen auch in diesem Jahr gerne zeigen, wie diese leuchtenden Pastell-Landschaften entstehen. <\/p>\n<p>&nbsp;<\/p>\n<p>\n<a href=\"https:\/\/www.eitel-art.de\/tatorte-kunst-2016\/Winkler-Panorama_small.jpg\"><img decoding=\"async\" class=\"alignleft wp-image-976\" src=\"https:\/\/www.eitel-art.de\/tatorte-kunst-2016\/Winkler-Panorama_small.jpg\" alt=\"Andreas Winkler\" width=\"65%\" ><\/a>Erweitert wird die Ausstellung auch in diesem Jahr durch Fotografien von <strong><a href=\"http:\/\/aw-sys.net\/photo\/\" target=\"_blank\" rel=\"noopener\">Andreas Winkler<\/a>!<\/strong> Er setzt mit seinen Panoramen einen deutlichen Kontrast zur Pastellmalerei.<\/p>\n<p>&nbsp;<\/p>\n<p>\n<a href=\"https:\/\/www.eitel-art.de\/tatorte-kunst-2016\/YO-Romppel_schale_x01.jpg\"><img decoding=\"async\" loading=\"lazy\" class=\"wp-image-974 alignright\" src=\"https:\/\/www.eitel-art.de\/tatorte-kunst-2016\/YO-Romppel_schale_x01.jpg\" alt=\"Yoshiko Romppel\" width=\"270\" height=\"272\"><\/a>Auch die &#8222;dritte Dimension&#8220; erh\u00e4lt in diesem Jahr Einzug&#8230;Yoshiko Romppel zeigt Keramik-Kunst der besondern Art&#8230; Eine Auswahl Ihrer organischen Plastiken finden Sie unter <a href=\"http:\/\/yoshiko-art.de\/portfolio\" target=\"_blank\">www.yoshiko-art.de<\/a>.\n<\/div>\n<div class=\"entry-content\">\n<a href=\"https:\/\/www.google.de\/maps\/place\/W%C3%B6rthstra%C3%9Fe+3,+65185+Wiesbaden\/@50.0781704,8.2301704,17z\/data=!3m1!4b1!4m5!3m4!1s0x47bdbe74c4760f4f:0xe8f62b0a233653a4!8m2!3d50.078167!4d8.2323644\" target=\"_blank\" rel=\"noopener\"><strong>TATORT 6,7 und 8 <\/strong><\/a>: Das Atelier finden Sie in der <strong>W\u00f6rthstrasse 3, 65185 Wiesbaden<\/strong> in beziehungsweise hinter <a href=\"http:\/\/www.kikos-strickschule.de\/\" target=\"_blank\" rel=\"noopener\">Kikos Strickschule<\/a>.<\/p>\n<p><strong>Das Verzeichnis<\/strong> der teilnehmenden K\u00fcnstler und ein Lageplan der Ateliers finden Sie im <a href=\"http:\/\/www.tatorte-kunst.de\/programm-2018\/\" target=\"_blank\" rel=\"noopener\">Gesamtprogramm \u201eTatorte Kunst\u201c<\/a>.<\/p>\n<\/div>\n<p>&nbsp;<\/p>\n","protected":false},"excerpt":{"rendered":"<p>Ank\u00fcndigung, 28.10.2018 von 12:00 &#8211; 18:00 Uhr Wiesbadener K\u00fcnstler \u00f6ffnen am 28.10.2018 nun zum zehnten Mal ihre Pforten zu \u201eTatorte Kunst\u201c und laden Sie auf einem Rundgang in Wiesbaden-Mitte zum Besuch ihrer Ateliers, Werkst\u00e4tten und Galerien ein. Ich zeige an diesem spannenden Ausstellungstag eine Auswahl meiner farbenpr\u00e4chtigen Pastellbilder und freue mich auf reges Interesse aller&hellip; <a class=\"more-link\" href=\"https:\/\/www.eitel-art.de\/?page_id=1109\"><span class=\"screen-reader-text\">Tatorte Kunst 2018<\/span> weiterlesen<\/a><\/p>\n","protected":false},"author":1,"featured_media":0,"parent":546,"menu_order":0,"comment_status":"closed","ping_status":"closed","template":"","meta":{"ngg_post_thumbnail":0},"_links":{"self":[{"href":"https:\/\/www.eitel-art.de\/index.php?rest_route=\/wp\/v2\/pages\/1109"}],"collection":[{"href":"https:\/\/www.eitel-art.de\/index.php?rest_route=\/wp\/v2\/pages"}],"about":[{"href":"https:\/\/www.eitel-art.de\/index.php?rest_route=\/wp\/v2\/types\/page"}],"author":[{"embeddable":true,"href":"https:\/\/www.eitel-art.de\/index.php?rest_route=\/wp\/v2\/users\/1"}],"replies":[{"embeddable":true,"href":"https:\/\/www.eitel-art.de\/index.php?rest_route=%2Fwp%2Fv2%2Fcomments&post=1109"}],"version-history":[{"count":16,"href":"https:\/\/www.eitel-art.de\/index.php?rest_route=\/wp\/v2\/pages\/1109\/revisions"}],"predecessor-version":[{"id":1138,"href":"https:\/\/www.eitel-art.de\/index.php?rest_route=\/wp\/v2\/pages\/1109\/revisions\/1138"}],"up":[{"embeddable":true,"href":"https:\/\/www.eitel-art.de\/index.php?rest_route=\/wp\/v2\/pages\/546"}],"wp:attachment":[{"href":"https:\/\/www.eitel-art.de\/index.php?rest_route=%2Fwp%2Fv2%2Fmedia&parent=1109"}],"curies":[{"name":"wp","href":"https:\/\/api.w.org\/{rel}","templated":true}]}}