{"id":1142,"date":"2019-10-26T19:55:36","date_gmt":"2019-10-26T18:55:36","guid":{"rendered":"http:\/\/www.eitel-art.de\/?page_id=1142"},"modified":"2019-10-26T20:31:02","modified_gmt":"2019-10-26T19:31:02","slug":"tatorte-kunst-2019","status":"publish","type":"page","link":"https:\/\/www.eitel-art.de\/?page_id=1142","title":{"rendered":"Tatorte Kunst 2019"},"content":{"rendered":"<h2>Ank\u00fcndigung, 27.10.2019 von 12:00 &#8211; 18:00 Uhr<\/h2>\n<div class=\"entry-content\">\n<figure id=\"attachment_1145\" aria-describedby=\"caption-attachment-1145\" style=\"width: 292px\" class=\"wp-caption alignright\"><a href=\"https:\/\/www.eitel-art.de\/wp-content\/uploads\/2019\/10\/Landschaft_19_kaltermorgen_600.jpg\"><img decoding=\"async\" loading=\"lazy\" class=\"wp-image-1145 \" src=\"https:\/\/www.eitel-art.de\/wp-content\/uploads\/2019\/10\/Landschaft_19_kaltermorgen_600.jpg\" alt=\"\" width=\"292\" height=\"294\" srcset=\"https:\/\/www.eitel-art.de\/wp-content\/uploads\/2019\/10\/Landschaft_19_kaltermorgen_600.jpg 600w, https:\/\/www.eitel-art.de\/wp-content\/uploads\/2019\/10\/Landschaft_19_kaltermorgen_600-150x150.jpg 150w, https:\/\/www.eitel-art.de\/wp-content\/uploads\/2019\/10\/Landschaft_19_kaltermorgen_600-60x60.jpg 60w\" sizes=\"(max-width: 292px) 100vw, 292px\" \/><\/a><figcaption id=\"caption-attachment-1145\" class=\"wp-caption-text\">cof<\/figcaption><\/figure>\n<p>Wiesbadener K\u00fcnstler \u00f6ffnen am 27.10.2019 wieder ihre Pforten zu <a href=\"http:\/\/www.tatorte-kunst.de\/\" target=\"_blank\" rel=\"noopener noreferrer\">\u201eTatorte Kunst\u201c<\/a> und laden Sie auf einem Rundgang in Wiesbaden-Mitte zum Besuch ihrer Ateliers, Werkst\u00e4tten und Galerien ein.<\/p>\n<p>Ich zeige an diesem spannenden Ausstellungstag eine Auswahl meiner farbenpr\u00e4chtigen Pastellbilder und freue mich auf reges Interesse aller Kunstinteressierten.<\/p>\n<p>Da mein Atelier mittlerweile im Westend (Scharnhorststr. 36<br \/>\n65195 Wiesbaden) zu finden ist, darf ich in diesem Jahr im &#8222;<a href=\"https:\/\/www.der-weinlaender.de\" target=\"_blank\" rel=\"noopener noreferrer\">Weinl\u00e4nder<\/a>&#8220; in der R\u00fcdesheimer Str. 21, 65197 Wiesbaden einige Bilder ausstellen.&nbsp;<\/p>\n<p><strong>Aktuelle Bilder<\/strong> findet Ihr auch immer auf meinem Instagram-Account unter: <a href=\"https:\/\/www.instagram.com\/eitel_art\/\" target=\"_blank\" rel=\"noopener noreferrer\">www.instagram.com\/eitel_art<\/a><\/p>\n<\/div>\n<div class=\"entry-content\">\n<p><strong>Das Verzeichnis<\/strong> der teilnehmenden K\u00fcnstler und ein Lageplan der Ateliers finden Sie im <a href=\"http:\/\/www.tatorte-kunst.de\/programm-2019\/\" target=\"_blank\" rel=\"noopener noreferrer\">Gesamtprogramm \u201eTatorte Kunst\u201c<\/a>.<\/p>\n<\/div>\n<p>&nbsp;<\/p>\n","protected":false},"excerpt":{"rendered":"<p>Ank\u00fcndigung, 27.10.2019 von 12:00 &#8211; 18:00 Uhr Wiesbadener K\u00fcnstler \u00f6ffnen am 27.10.2019 wieder ihre Pforten zu \u201eTatorte Kunst\u201c und laden Sie auf einem Rundgang in Wiesbaden-Mitte zum Besuch ihrer Ateliers, Werkst\u00e4tten und Galerien ein. Ich zeige an diesem spannenden Ausstellungstag eine Auswahl meiner farbenpr\u00e4chtigen Pastellbilder und freue mich auf reges Interesse aller Kunstinteressierten. Da mein&hellip; <a class=\"more-link\" href=\"https:\/\/www.eitel-art.de\/?page_id=1142\"><span class=\"screen-reader-text\">Tatorte Kunst 2019<\/span> weiterlesen<\/a><\/p>\n","protected":false},"author":1,"featured_media":0,"parent":546,"menu_order":0,"comment_status":"closed","ping_status":"closed","template":"","meta":{"ngg_post_thumbnail":0},"_links":{"self":[{"href":"https:\/\/www.eitel-art.de\/index.php?rest_route=\/wp\/v2\/pages\/1142"}],"collection":[{"href":"https:\/\/www.eitel-art.de\/index.php?rest_route=\/wp\/v2\/pages"}],"about":[{"href":"https:\/\/www.eitel-art.de\/index.php?rest_route=\/wp\/v2\/types\/page"}],"author":[{"embeddable":true,"href":"https:\/\/www.eitel-art.de\/index.php?rest_route=\/wp\/v2\/users\/1"}],"replies":[{"embeddable":true,"href":"https:\/\/www.eitel-art.de\/index.php?rest_route=%2Fwp%2Fv2%2Fcomments&post=1142"}],"version-history":[{"count":5,"href":"https:\/\/www.eitel-art.de\/index.php?rest_route=\/wp\/v2\/pages\/1142\/revisions"}],"predecessor-version":[{"id":1152,"href":"https:\/\/www.eitel-art.de\/index.php?rest_route=\/wp\/v2\/pages\/1142\/revisions\/1152"}],"up":[{"embeddable":true,"href":"https:\/\/www.eitel-art.de\/index.php?rest_route=\/wp\/v2\/pages\/546"}],"wp:attachment":[{"href":"https:\/\/www.eitel-art.de\/index.php?rest_route=%2Fwp%2Fv2%2Fmedia&parent=1142"}],"curies":[{"name":"wp","href":"https:\/\/api.w.org\/{rel}","templated":true}]}}