{"id":2,"date":"2011-11-28T17:40:14","date_gmt":"2011-11-28T17:40:14","guid":{"rendered":"http:\/\/galerie.pluto-net.de\/?page_id=2"},"modified":"2019-10-26T20:29:01","modified_gmt":"2019-10-26T19:29:01","slug":"sample-page","status":"publish","type":"page","link":"https:\/\/www.eitel-art.de\/","title":{"rendered":"Home"},"content":{"rendered":"<p><em>Willkommen auf meiner Galerieseite !<\/em><\/p>\n<p><a href=\"https:\/\/www.eitel-art.de\/wp-content\/uploads\/2017\/10\/tatorte_kunst_2017-e1508356279378.jpg\"><img decoding=\"async\" loading=\"lazy\" class=\" wp-image-1088 alignright\" src=\"https:\/\/www.eitel-art.de\/wp-content\/uploads\/2017\/10\/tatorte_kunst_2017-e1508356279378.jpg\" alt=\"\" width=\"287\" height=\"282\"><\/a>Jeder Pastell-K\u00fcnstler hat seine eigene Technik und entwickelt diese auch stets weiter. Mich fasziniert vor allem die Symbiose aus Malerei und Zeichnung, aus der einfachen Linie und einem wilden Farbfeuerwerk.<\/p>\n<p>Sehen Sie sich auch gerne meine <a href=\"http:\/\/www.instagram.com\/eitel_art\/\" target=\"_blank\" rel=\"noopener noreferrer\">Instagram-Seite<\/a> (www.instagram.com\/eitel_art) an, hier erscheinen immer wieder neue Bilder, die nicht immer einer Kategorie zuzuordnen sind.&nbsp; Freue mich nat\u00fcrlich \u00fcber ein &#8222;like&#8220;!<\/p>\n<p>Ich w\u00fcnsche Ihnen nun viel Spass beim St\u00f6bern durch meine Bilderwelt und freue mich \u00fcber Kommentare und R\u00fcckmeldungen.<\/p>\n\n\n<p><\/p>\n","protected":false},"excerpt":{"rendered":"<p>Willkommen auf meiner Galerieseite ! Jeder Pastell-K\u00fcnstler hat seine eigene Technik und entwickelt diese auch stets weiter. Mich fasziniert vor allem die Symbiose aus Malerei und Zeichnung, aus der einfachen Linie und einem wilden Farbfeuerwerk. Sehen Sie sich auch gerne meine Instagram-Seite (www.instagram.com\/eitel_art) an, hier erscheinen immer wieder neue Bilder, die nicht immer einer Kategorie&hellip; <a class=\"more-link\" href=\"https:\/\/www.eitel-art.de\/\"><span class=\"screen-reader-text\">Home<\/span> weiterlesen<\/a><\/p>\n","protected":false},"author":1,"featured_media":0,"parent":0,"menu_order":0,"comment_status":"closed","ping_status":"closed","template":"","meta":{"ngg_post_thumbnail":0},"_links":{"self":[{"href":"https:\/\/www.eitel-art.de\/index.php?rest_route=\/wp\/v2\/pages\/2"}],"collection":[{"href":"https:\/\/www.eitel-art.de\/index.php?rest_route=\/wp\/v2\/pages"}],"about":[{"href":"https:\/\/www.eitel-art.de\/index.php?rest_route=\/wp\/v2\/types\/page"}],"author":[{"embeddable":true,"href":"https:\/\/www.eitel-art.de\/index.php?rest_route=\/wp\/v2\/users\/1"}],"replies":[{"embeddable":true,"href":"https:\/\/www.eitel-art.de\/index.php?rest_route=%2Fwp%2Fv2%2Fcomments&post=2"}],"version-history":[{"count":40,"href":"https:\/\/www.eitel-art.de\/index.php?rest_route=\/wp\/v2\/pages\/2\/revisions"}],"predecessor-version":[{"id":1150,"href":"https:\/\/www.eitel-art.de\/index.php?rest_route=\/wp\/v2\/pages\/2\/revisions\/1150"}],"wp:attachment":[{"href":"https:\/\/www.eitel-art.de\/index.php?rest_route=%2Fwp%2Fv2%2Fmedia&parent=2"}],"curies":[{"name":"wp","href":"https:\/\/api.w.org\/{rel}","templated":true}]}}