{"id":212,"date":"2012-07-09T18:05:40","date_gmt":"2012-07-09T17:05:40","guid":{"rendered":"http:\/\/www.eitel-art.de\/?page_id=212"},"modified":"2015-05-23T14:31:58","modified_gmt":"2015-05-23T13:31:58","slug":"vita","status":"publish","type":"page","link":"https:\/\/www.eitel-art.de\/?page_id=212","title":{"rendered":"Vita"},"content":{"rendered":"<p><strong>zu mir&#8230;<\/strong><br \/>\nSchon seit fr\u00fchester Kindheit bin ich von Farbe, Form und Struktur fasziniert. Pr\u00e4gend f\u00fcr meine k\u00fcnstlerische Entwicklung war mein Gro\u00dfvater, selbst K\u00fcnstler und Naturliebhaber, der in mir die Ausdruckskraft von Zeichnung und Malerei weckte.<\/p>\n<p><strong>mein Weg&#8230;<\/strong><br \/>\nIm Laufe meines Informatik-Studiums besch\u00e4ftigte ich mich haupts\u00e4chlich mit Technik und Computergrafik; Illustrationen und Zeichnungen begleiteten stets meinen Berufsweg, bis ich 2010 meinen eigenen k\u00fcnstlerischen Stil in der Pastellmalerei fand.<\/p>\n<p><strong>mein Stil&#8230;<\/strong><br \/>\nIch besch\u00e4ftige mich haupts\u00e4chlich mit der Landschaftsmalerei, sowohl in freier Natur. als auch im Atelier. Meine Motive werden aber auch h\u00e4ufig von konstruktiven Strukturen und Bauwerken gepr\u00e4gt. Ich verbinde kr\u00e4ftige, strahlende Pastellfarben mit zeichnerischen Stilmitteln zu einer impressionistischen Komposition aus Kunst, Natur und Technik.<\/p>\n","protected":false},"excerpt":{"rendered":"<p>zu mir&#8230; Schon seit fr\u00fchester Kindheit bin ich von Farbe, Form und Struktur fasziniert. Pr\u00e4gend f\u00fcr meine k\u00fcnstlerische Entwicklung war mein Gro\u00dfvater, selbst K\u00fcnstler und Naturliebhaber, der in mir die Ausdruckskraft von Zeichnung und Malerei weckte. mein Weg&#8230; Im Laufe meines Informatik-Studiums besch\u00e4ftigte ich mich haupts\u00e4chlich mit Technik und Computergrafik; Illustrationen und Zeichnungen begleiteten stets&hellip; <a class=\"more-link\" href=\"https:\/\/www.eitel-art.de\/?page_id=212\"><span class=\"screen-reader-text\">Vita<\/span> weiterlesen<\/a><\/p>\n","protected":false},"author":1,"featured_media":604,"parent":0,"menu_order":0,"comment_status":"closed","ping_status":"closed","template":"","meta":{"ngg_post_thumbnail":0},"_links":{"self":[{"href":"https:\/\/www.eitel-art.de\/index.php?rest_route=\/wp\/v2\/pages\/212"}],"collection":[{"href":"https:\/\/www.eitel-art.de\/index.php?rest_route=\/wp\/v2\/pages"}],"about":[{"href":"https:\/\/www.eitel-art.de\/index.php?rest_route=\/wp\/v2\/types\/page"}],"author":[{"embeddable":true,"href":"https:\/\/www.eitel-art.de\/index.php?rest_route=\/wp\/v2\/users\/1"}],"replies":[{"embeddable":true,"href":"https:\/\/www.eitel-art.de\/index.php?rest_route=%2Fwp%2Fv2%2Fcomments&post=212"}],"version-history":[{"count":32,"href":"https:\/\/www.eitel-art.de\/index.php?rest_route=\/wp\/v2\/pages\/212\/revisions"}],"predecessor-version":[{"id":603,"href":"https:\/\/www.eitel-art.de\/index.php?rest_route=\/wp\/v2\/pages\/212\/revisions\/603"}],"wp:featuredmedia":[{"embeddable":true,"href":"https:\/\/www.eitel-art.de\/index.php?rest_route=\/wp\/v2\/media\/604"}],"wp:attachment":[{"href":"https:\/\/www.eitel-art.de\/index.php?rest_route=%2Fwp%2Fv2%2Fmedia&parent=212"}],"curies":[{"name":"wp","href":"https:\/\/api.w.org\/{rel}","templated":true}]}}