{"id":757,"date":"2015-10-30T11:33:35","date_gmt":"2015-10-30T10:33:35","guid":{"rendered":"http:\/\/www.eitel-art.de\/?page_id=757"},"modified":"2016-11-05T11:54:05","modified_gmt":"2016-11-05T10:54:05","slug":"tatorte-kunst-2015","status":"publish","type":"page","link":"https:\/\/www.eitel-art.de\/?page_id=757","title":{"rendered":"Tatorte Kunst 2015"},"content":{"rendered":"<p><strong>Am Sonntag\u00a0den 1. November von 12:00 \u2013 18:00 Uhr<\/strong><\/p>\n<p><a href=\"http:\/\/www.tatorte-kunst.de\" target=\"_blank\"><img decoding=\"async\" src=\"http:\/\/tatorte-kunst.de\/wp-content\/uploads\/2012\/08\/Flyer_Logo1.png\" alt=\"Ausstellung \u00bbTatorte Kunst\u00ab in Wiesbaden\" \/><\/a><\/p>\n<p><strong>Die Ateliers in Wiesbaden Mitte \u00f6ffnen 2015 wieder Ihre T\u00fcren!<\/strong><\/p>\n<p>K\u00fcnstlerinnen und K\u00fcnstler, Galerien und Werkst\u00e4tten aus Wiesbaden-Mitte \u00f6ffnen\u00a0ihre T\u00fcren ihrer Ateliers, Werkst\u00e4tten und Galerien und laden Sie ein zum Kunstrundgang in Wiesbaden Mitte.<\/p>\n<p>An diesem &#8222;Kunst-Sonntag&#8220; habe <a href=\"https:\/\/www.eitel-art.de\/vita\/\">ich<\/a> zusammen mit dem Photografen <a href=\"http:\/\/aw-sys.net\/photo\/essays\/2015\/11\/ausstellung-waehrend-tatort-kunst-in-wiesbaden\/\" target=\"_blank\">Andreas Winkler<\/a> Pastelle und Fotografie in der Wiesbadener Buchhandlung <a href=\"http:\/\/buchgenuss.shop-asp.de\/shop\/action\/mymagazine\/1001\/home.html;jsessionid=8C919382B69475EC321199654F73372D.www02?aUrl=90008644\" target=\"_blank\">BUCHGENUSS<\/a> ausgestellt. Bis Anfang Dezember 2015 haben Interessierte noch Gelegenheit, sich das tolle Ergebnis in der W\u00f6rthstrasse 3 in Wiesbadens Innenstadt anzusehen.<\/p>\n<p>Unser Motto \u201c<strong>Malerei meets Fotografie<\/strong>\u201d war so eigentlich gar nicht geplant. Erst bei der konkreten Auswahl der Bilder f\u00fcr die Ausstellung, stellten wir fest, dass meine Pastelle perfekt mit Andreas Winklers Fotografien harmonieren. Unsere Augen nehmen Landschaft \u00e4hnlich wahr; unsere Interpretation, aber auch das Medium unserer Wahl er\u00f6ffnet die Spannung in der Gegen\u00fcberstellung. Wenn auch R\u00e4umlich und Zeitlich in v\u00f6llig unterschiedlicher Entstehung, so bannen doch Komposition, Struktur und Farbe eine verbl\u00fcffend starker \u00c4hnlichkeit.<\/p>\n<p>Mehr Informationen unter:<\/p>\n<p><a href=\"http:\/\/aw-sys.net\/photo\/essays\/\" target=\"_blank\"> Andreas Winkler &#8211; Photography<\/a><\/p>\n<p><a href=\"http:\/\/www.buchgenuss.de\" target=\"_blank\">Buchhandlung BUCHGENUSS<\/a><\/p>\n<p><a href=\"http:\/\/www.monikas.country-living-in-the-city.de\/?p=17603\" target=\"_blank\">Country-iving in the City<\/a><\/p>\n<p>Ein kurzer Ein-\/ R\u00fcckblick:<\/p>\n<p><!-- index.php -->\n<div\n\tclass=\"ngg-galleryoverview\"\n\tid=\"ngg-gallery-928-1\">\n\n    \t\t<!-- Thumbnails -->\n\t\t\t\t<div id=\"ngg-image-0\" class=\"ngg-gallery-thumbnail-box\" >\n\t\t\t\t        <div class=\"ngg-gallery-thumbnail\">\n            <a href=\"https:\/\/www.eitel-art.de\/tatorte_kunst2015\/Collage-Ausstellung_small.jpg\"\n               title=\"\"\n               data-src=\"https:\/\/www.eitel-art.de\/tatorte_kunst2015\/Collage-Ausstellung_small.jpg\"\n               data-thumbnail=\"https:\/\/www.eitel-art.de\/tatorte_kunst2015\/thumbs\/thumbs_Collage-Ausstellung_small.jpg\"\n               data-image-id=\"504\"\n               data-title=\"Collage-Ausstellung_small\"\n               data-description=\"\"\n               data-image-slug=\"collage-ausstellung_small\"\n               class=\"ngg-fancybox\" rel=\"928\">\n                <img\n                    title=\"Collage-Ausstellung_small\"\n                    alt=\"Collage-Ausstellung_small\"\n                    src=\"https:\/\/www.eitel-art.de\/tatorte_kunst2015\/thumbs\/thumbs_Collage-Ausstellung_small.jpg\"\n                    width=\"135\"\n                    height=\"135\"\n                    style=\"max-width:100%;\"\n                \/>\n            <\/a>\n        <\/div>\n\t\t\t\t\t\t\t<\/div> \n\t\t\t\n        \n\t\t\t\t<div id=\"ngg-image-1\" class=\"ngg-gallery-thumbnail-box\" >\n\t\t\t\t        <div class=\"ngg-gallery-thumbnail\">\n            <a href=\"https:\/\/www.eitel-art.de\/tatorte_kunst2015\/LR-bearbeitet.PB013520.jpg\"\n               title=\"\"\n               data-src=\"https:\/\/www.eitel-art.de\/tatorte_kunst2015\/LR-bearbeitet.PB013520.jpg\"\n               data-thumbnail=\"https:\/\/www.eitel-art.de\/tatorte_kunst2015\/thumbs\/thumbs_LR-bearbeitet.PB013520.jpg\"\n               data-image-id=\"501\"\n               data-title=\"LR-bearbeitet.PB013520\"\n               data-description=\"\"\n               data-image-slug=\"lr-bearbeitet-pb013520\"\n               class=\"ngg-fancybox\" rel=\"928\">\n                <img\n                    title=\"LR-bearbeitet.PB013520\"\n                    alt=\"LR-bearbeitet.PB013520\"\n                    src=\"https:\/\/www.eitel-art.de\/tatorte_kunst2015\/thumbs\/thumbs_LR-bearbeitet.PB013520.jpg\"\n                    width=\"135\"\n                    height=\"135\"\n                    style=\"max-width:100%;\"\n                \/>\n            <\/a>\n        <\/div>\n\t\t\t\t\t\t\t<\/div> \n\t\t\t\n        \n\t\t\t\t<div id=\"ngg-image-2\" class=\"ngg-gallery-thumbnail-box\" >\n\t\t\t\t        <div class=\"ngg-gallery-thumbnail\">\n            <a href=\"https:\/\/www.eitel-art.de\/tatorte_kunst2015\/LR-bearbeitet.PB013514.jpg\"\n               title=\"\"\n               data-src=\"https:\/\/www.eitel-art.de\/tatorte_kunst2015\/LR-bearbeitet.PB013514.jpg\"\n               data-thumbnail=\"https:\/\/www.eitel-art.de\/tatorte_kunst2015\/thumbs\/thumbs_LR-bearbeitet.PB013514.jpg\"\n               data-image-id=\"500\"\n               data-title=\"LR-bearbeitet.PB013514\"\n               data-description=\"\"\n               data-image-slug=\"lr-bearbeitet-pb013514\"\n               class=\"ngg-fancybox\" rel=\"928\">\n                <img\n                    title=\"LR-bearbeitet.PB013514\"\n                    alt=\"LR-bearbeitet.PB013514\"\n                    src=\"https:\/\/www.eitel-art.de\/tatorte_kunst2015\/thumbs\/thumbs_LR-bearbeitet.PB013514.jpg\"\n                    width=\"135\"\n                    height=\"135\"\n                    style=\"max-width:100%;\"\n                \/>\n            <\/a>\n        <\/div>\n\t\t\t\t\t\t\t<\/div> \n\t\t\t\n        \n\t\t\t\t<div id=\"ngg-image-3\" class=\"ngg-gallery-thumbnail-box\" >\n\t\t\t\t        <div class=\"ngg-gallery-thumbnail\">\n            <a href=\"https:\/\/www.eitel-art.de\/tatorte_kunst2015\/Collage-Champagner_small.jpg\"\n               title=\"\"\n               data-src=\"https:\/\/www.eitel-art.de\/tatorte_kunst2015\/Collage-Champagner_small.jpg\"\n               data-thumbnail=\"https:\/\/www.eitel-art.de\/tatorte_kunst2015\/thumbs\/thumbs_Collage-Champagner_small.jpg\"\n               data-image-id=\"502\"\n               data-title=\"Collage-Champagner_small\"\n               data-description=\"\"\n               data-image-slug=\"collage-champagner_small\"\n               class=\"ngg-fancybox\" rel=\"928\">\n                <img\n                    title=\"Collage-Champagner_small\"\n                    alt=\"Collage-Champagner_small\"\n                    src=\"https:\/\/www.eitel-art.de\/tatorte_kunst2015\/thumbs\/thumbs_Collage-Champagner_small.jpg\"\n                    width=\"135\"\n                    height=\"135\"\n                    style=\"max-width:100%;\"\n                \/>\n            <\/a>\n        <\/div>\n\t\t\t\t\t\t\t<\/div> \n\t\t\t\n        \n\t\t\n\t\t<div class=\"ngg-clear\"><\/div>\n\t<\/div>\n<\/p>\n<p><!-- index.php -->\n<div\n\tclass=\"ngg-galleryoverview\"\n\tid=\"ngg-gallery-960-1\">\n\n    \t\t<!-- Thumbnails -->\n\t\t\t\t<div id=\"ngg-image-0\" class=\"ngg-gallery-thumbnail-box\" >\n\t\t\t\t        <div class=\"ngg-gallery-thumbnail\">\n            <a href=\"https:\/\/www.eitel-art.de\/tatortekunst15-vergl\/IE-lavendel.JPG\"\n               title=\"\"\n               data-src=\"https:\/\/www.eitel-art.de\/tatortekunst15-vergl\/IE-lavendel.JPG\"\n               data-thumbnail=\"https:\/\/www.eitel-art.de\/tatortekunst15-vergl\/thumbs\/thumbs_IE-lavendel.JPG\"\n               data-image-id=\"516\"\n               data-title=\"IE-lavendel\"\n               data-description=\"\"\n               data-image-slug=\"ie-lavendel\"\n               class=\"ngg-fancybox\" rel=\"960\">\n                <img\n                    title=\"IE-lavendel\"\n                    alt=\"IE-lavendel\"\n                    src=\"https:\/\/www.eitel-art.de\/tatortekunst15-vergl\/thumbs\/thumbs_IE-lavendel.JPG\"\n                    width=\"135\"\n                    height=\"135\"\n                    style=\"max-width:100%;\"\n                \/>\n            <\/a>\n        <\/div>\n\t\t\t\t\t\t\t<\/div> \n\t\t\t\n                            \n\t\t\t\t<div id=\"ngg-image-1\" class=\"ngg-gallery-thumbnail-box\" >\n\t\t\t\t        <div class=\"ngg-gallery-thumbnail\">\n            <a href=\"https:\/\/www.eitel-art.de\/tatortekunst15-vergl\/AW-MakroGras.jpg\"\n               title=\"\"\n               data-src=\"https:\/\/www.eitel-art.de\/tatortekunst15-vergl\/AW-MakroGras.jpg\"\n               data-thumbnail=\"https:\/\/www.eitel-art.de\/tatortekunst15-vergl\/thumbs\/thumbs_AW-MakroGras.jpg\"\n               data-image-id=\"506\"\n               data-title=\"AW-MakroGras\"\n               data-description=\"\"\n               data-image-slug=\"aw-makrogras\"\n               class=\"ngg-fancybox\" rel=\"960\">\n                <img\n                    title=\"AW-MakroGras\"\n                    alt=\"AW-MakroGras\"\n                    src=\"https:\/\/www.eitel-art.de\/tatortekunst15-vergl\/thumbs\/thumbs_AW-MakroGras.jpg\"\n                    width=\"135\"\n                    height=\"135\"\n                    style=\"max-width:100%;\"\n                \/>\n            <\/a>\n        <\/div>\n\t\t\t\t\t\t\t<\/div> \n\t\t\t\n                                    <br style=\"clear: both\" \/>\n                    \n\t\t\t\t<div id=\"ngg-image-2\" class=\"ngg-gallery-thumbnail-box\" >\n\t\t\t\t        <div class=\"ngg-gallery-thumbnail\">\n            <a href=\"https:\/\/www.eitel-art.de\/tatortekunst15-vergl\/IE-Winter.JPG\"\n               title=\"\"\n               data-src=\"https:\/\/www.eitel-art.de\/tatortekunst15-vergl\/IE-Winter.JPG\"\n               data-thumbnail=\"https:\/\/www.eitel-art.de\/tatortekunst15-vergl\/thumbs\/thumbs_IE-Winter.JPG\"\n               data-image-id=\"515\"\n               data-title=\"IE-Winter\"\n               data-description=\"\"\n               data-image-slug=\"ie-winter\"\n               class=\"ngg-fancybox\" rel=\"960\">\n                <img\n                    title=\"IE-Winter\"\n                    alt=\"IE-Winter\"\n                    src=\"https:\/\/www.eitel-art.de\/tatortekunst15-vergl\/thumbs\/thumbs_IE-Winter.JPG\"\n                    width=\"135\"\n                    height=\"135\"\n                    style=\"max-width:100%;\"\n                \/>\n            <\/a>\n        <\/div>\n\t\t\t\t\t\t\t<\/div> \n\t\t\t\n                            \n\t\t\t\t<div id=\"ngg-image-3\" class=\"ngg-gallery-thumbnail-box\" >\n\t\t\t\t        <div class=\"ngg-gallery-thumbnail\">\n            <a href=\"https:\/\/www.eitel-art.de\/tatortekunst15-vergl\/AW-Winter.jpg\"\n               title=\"\"\n               data-src=\"https:\/\/www.eitel-art.de\/tatortekunst15-vergl\/AW-Winter.jpg\"\n               data-thumbnail=\"https:\/\/www.eitel-art.de\/tatortekunst15-vergl\/thumbs\/thumbs_AW-Winter.jpg\"\n               data-image-id=\"505\"\n               data-title=\"AW-Winter\"\n               data-description=\"\"\n               data-image-slug=\"aw-winter\"\n               class=\"ngg-fancybox\" rel=\"960\">\n                <img\n                    title=\"AW-Winter\"\n                    alt=\"AW-Winter\"\n                    src=\"https:\/\/www.eitel-art.de\/tatortekunst15-vergl\/thumbs\/thumbs_AW-Winter.jpg\"\n                    width=\"135\"\n                    height=\"135\"\n                    style=\"max-width:100%;\"\n                \/>\n            <\/a>\n        <\/div>\n\t\t\t\t\t\t\t<\/div> \n\t\t\t\n                                    <br style=\"clear: both\" \/>\n                    \n\t\t\t\t<div id=\"ngg-image-4\" class=\"ngg-gallery-thumbnail-box\" >\n\t\t\t\t        <div class=\"ngg-gallery-thumbnail\">\n            <a href=\"https:\/\/www.eitel-art.de\/tatortekunst15-vergl\/IE-Rheingau.jpg\"\n               title=\"\"\n               data-src=\"https:\/\/www.eitel-art.de\/tatortekunst15-vergl\/IE-Rheingau.jpg\"\n               data-thumbnail=\"https:\/\/www.eitel-art.de\/tatortekunst15-vergl\/thumbs\/thumbs_IE-Rheingau.jpg\"\n               data-image-id=\"513\"\n               data-title=\"IE-Rheingau\"\n               data-description=\"\"\n               data-image-slug=\"ie-rheingau\"\n               class=\"ngg-fancybox\" rel=\"960\">\n                <img\n                    title=\"IE-Rheingau\"\n                    alt=\"IE-Rheingau\"\n                    src=\"https:\/\/www.eitel-art.de\/tatortekunst15-vergl\/thumbs\/thumbs_IE-Rheingau.jpg\"\n                    width=\"135\"\n                    height=\"135\"\n                    style=\"max-width:100%;\"\n                \/>\n            <\/a>\n        <\/div>\n\t\t\t\t\t\t\t<\/div> \n\t\t\t\n                            \n\t\t\t\t<div id=\"ngg-image-5\" class=\"ngg-gallery-thumbnail-box\" >\n\t\t\t\t        <div class=\"ngg-gallery-thumbnail\">\n            <a href=\"https:\/\/www.eitel-art.de\/tatortekunst15-vergl\/AW-Rheingau.jpg\"\n               title=\"\"\n               data-src=\"https:\/\/www.eitel-art.de\/tatortekunst15-vergl\/AW-Rheingau.jpg\"\n               data-thumbnail=\"https:\/\/www.eitel-art.de\/tatortekunst15-vergl\/thumbs\/thumbs_AW-Rheingau.jpg\"\n               data-image-id=\"508\"\n               data-title=\"AW-Rheingau\"\n               data-description=\"\"\n               data-image-slug=\"aw-rheingau\"\n               class=\"ngg-fancybox\" rel=\"960\">\n                <img\n                    title=\"AW-Rheingau\"\n                    alt=\"AW-Rheingau\"\n                    src=\"https:\/\/www.eitel-art.de\/tatortekunst15-vergl\/thumbs\/thumbs_AW-Rheingau.jpg\"\n                    width=\"135\"\n                    height=\"135\"\n                    style=\"max-width:100%;\"\n                \/>\n            <\/a>\n        <\/div>\n\t\t\t\t\t\t\t<\/div> \n\t\t\t\n                                    <br style=\"clear: both\" \/>\n                    \n\t\t\t\t<div id=\"ngg-image-6\" class=\"ngg-gallery-thumbnail-box\" >\n\t\t\t\t        <div class=\"ngg-gallery-thumbnail\">\n            <a href=\"https:\/\/www.eitel-art.de\/tatortekunst15-vergl\/IE-Oppenheim_d1.jpg\"\n               title=\"\"\n               data-src=\"https:\/\/www.eitel-art.de\/tatortekunst15-vergl\/IE-Oppenheim_d1.jpg\"\n               data-thumbnail=\"https:\/\/www.eitel-art.de\/tatortekunst15-vergl\/thumbs\/thumbs_IE-Oppenheim_d1.jpg\"\n               data-image-id=\"511\"\n               data-title=\"IE-Oppenheim_d1\"\n               data-description=\"\"\n               data-image-slug=\"ie-oppenheim_d1\"\n               class=\"ngg-fancybox\" rel=\"960\">\n                <img\n                    title=\"IE-Oppenheim_d1\"\n                    alt=\"IE-Oppenheim_d1\"\n                    src=\"https:\/\/www.eitel-art.de\/tatortekunst15-vergl\/thumbs\/thumbs_IE-Oppenheim_d1.jpg\"\n                    width=\"135\"\n                    height=\"135\"\n                    style=\"max-width:100%;\"\n                \/>\n            <\/a>\n        <\/div>\n\t\t\t\t\t\t\t<\/div> \n\t\t\t\n                            \n\t\t\t\t<div id=\"ngg-image-7\" class=\"ngg-gallery-thumbnail-box\" >\n\t\t\t\t        <div class=\"ngg-gallery-thumbnail\">\n            <a href=\"https:\/\/www.eitel-art.de\/tatortekunst15-vergl\/AW-Frankreich-See.jpg\"\n               title=\"\"\n               data-src=\"https:\/\/www.eitel-art.de\/tatortekunst15-vergl\/AW-Frankreich-See.jpg\"\n               data-thumbnail=\"https:\/\/www.eitel-art.de\/tatortekunst15-vergl\/thumbs\/thumbs_AW-Frankreich-See.jpg\"\n               data-image-id=\"509\"\n               data-title=\"AW-Frankreich-See\"\n               data-description=\"\"\n               data-image-slug=\"aw-frankreich-see\"\n               class=\"ngg-fancybox\" rel=\"960\">\n                <img\n                    title=\"AW-Frankreich-See\"\n                    alt=\"AW-Frankreich-See\"\n                    src=\"https:\/\/www.eitel-art.de\/tatortekunst15-vergl\/thumbs\/thumbs_AW-Frankreich-See.jpg\"\n                    width=\"135\"\n                    height=\"135\"\n                    style=\"max-width:100%;\"\n                \/>\n            <\/a>\n        <\/div>\n\t\t\t\t\t\t\t<\/div> \n\t\t\t\n                                    <br style=\"clear: both\" \/>\n                    \n\t\t\t\t<div id=\"ngg-image-8\" class=\"ngg-gallery-thumbnail-box\" >\n\t\t\t\t        <div class=\"ngg-gallery-thumbnail\">\n            <a href=\"https:\/\/www.eitel-art.de\/tatortekunst15-vergl\/IE-Sonnenuntergang.jpg\"\n               title=\"\"\n               data-src=\"https:\/\/www.eitel-art.de\/tatortekunst15-vergl\/IE-Sonnenuntergang.jpg\"\n               data-thumbnail=\"https:\/\/www.eitel-art.de\/tatortekunst15-vergl\/thumbs\/thumbs_IE-Sonnenuntergang.jpg\"\n               data-image-id=\"512\"\n               data-title=\"IE-Sonnenuntergang\"\n               data-description=\"\"\n               data-image-slug=\"ie-sonnenuntergang\"\n               class=\"ngg-fancybox\" rel=\"960\">\n                <img\n                    title=\"IE-Sonnenuntergang\"\n                    alt=\"IE-Sonnenuntergang\"\n                    src=\"https:\/\/www.eitel-art.de\/tatortekunst15-vergl\/thumbs\/thumbs_IE-Sonnenuntergang.jpg\"\n                    width=\"135\"\n                    height=\"135\"\n                    style=\"max-width:100%;\"\n                \/>\n            <\/a>\n        <\/div>\n\t\t\t\t\t\t\t<\/div> \n\t\t\t\n                            \n\t\t\t\t<div id=\"ngg-image-9\" class=\"ngg-gallery-thumbnail-box\" >\n\t\t\t\t        <div class=\"ngg-gallery-thumbnail\">\n            <a href=\"https:\/\/www.eitel-art.de\/tatortekunst15-vergl\/AW-Sonnenuntergang.jpg\"\n               title=\"\"\n               data-src=\"https:\/\/www.eitel-art.de\/tatortekunst15-vergl\/AW-Sonnenuntergang.jpg\"\n               data-thumbnail=\"https:\/\/www.eitel-art.de\/tatortekunst15-vergl\/thumbs\/thumbs_AW-Sonnenuntergang.jpg\"\n               data-image-id=\"510\"\n               data-title=\"AW-Sonnenuntergang\"\n               data-description=\"\"\n               data-image-slug=\"aw-sonnenuntergang\"\n               class=\"ngg-fancybox\" rel=\"960\">\n                <img\n                    title=\"AW-Sonnenuntergang\"\n                    alt=\"AW-Sonnenuntergang\"\n                    src=\"https:\/\/www.eitel-art.de\/tatortekunst15-vergl\/thumbs\/thumbs_AW-Sonnenuntergang.jpg\"\n                    width=\"135\"\n                    height=\"135\"\n                    style=\"max-width:100%;\"\n                \/>\n            <\/a>\n        <\/div>\n\t\t\t\t\t\t\t<\/div> \n\t\t\t\n                                    <br style=\"clear: both\" \/>\n                    \n\t\t\t\t<div id=\"ngg-image-10\" class=\"ngg-gallery-thumbnail-box\" >\n\t\t\t\t        <div class=\"ngg-gallery-thumbnail\">\n            <a href=\"https:\/\/www.eitel-art.de\/tatortekunst15-vergl\/IE-HbfWI.jpg\"\n               title=\"\"\n               data-src=\"https:\/\/www.eitel-art.de\/tatortekunst15-vergl\/IE-HbfWI.jpg\"\n               data-thumbnail=\"https:\/\/www.eitel-art.de\/tatortekunst15-vergl\/thumbs\/thumbs_IE-HbfWI.jpg\"\n               data-image-id=\"514\"\n               data-title=\"IE-HbfWI\"\n               data-description=\"\"\n               data-image-slug=\"ie-hbfwi\"\n               class=\"ngg-fancybox\" rel=\"960\">\n                <img\n                    title=\"IE-HbfWI\"\n                    alt=\"IE-HbfWI\"\n                    src=\"https:\/\/www.eitel-art.de\/tatortekunst15-vergl\/thumbs\/thumbs_IE-HbfWI.jpg\"\n                    width=\"135\"\n                    height=\"135\"\n                    style=\"max-width:100%;\"\n                \/>\n            <\/a>\n        <\/div>\n\t\t\t\t\t\t\t<\/div> \n\t\t\t\n                            \n\t\t\t\t<div id=\"ngg-image-11\" class=\"ngg-gallery-thumbnail-box\" >\n\t\t\t\t        <div class=\"ngg-gallery-thumbnail\">\n            <a href=\"https:\/\/www.eitel-art.de\/tatortekunst15-vergl\/AW-HbfWI.jpg\"\n               title=\"\"\n               data-src=\"https:\/\/www.eitel-art.de\/tatortekunst15-vergl\/AW-HbfWI.jpg\"\n               data-thumbnail=\"https:\/\/www.eitel-art.de\/tatortekunst15-vergl\/thumbs\/thumbs_AW-HbfWI.jpg\"\n               data-image-id=\"507\"\n               data-title=\"AW-HbfWI\"\n               data-description=\"\"\n               data-image-slug=\"aw-hbfwi\"\n               class=\"ngg-fancybox\" rel=\"960\">\n                <img\n                    title=\"AW-HbfWI\"\n                    alt=\"AW-HbfWI\"\n                    src=\"https:\/\/www.eitel-art.de\/tatortekunst15-vergl\/thumbs\/thumbs_AW-HbfWI.jpg\"\n                    width=\"135\"\n                    height=\"135\"\n                    style=\"max-width:100%;\"\n                \/>\n            <\/a>\n        <\/div>\n\t\t\t\t\t\t\t<\/div> \n\t\t\t\n                                    <br style=\"clear: both\" \/>\n                    \n\t\t\n\t\t<div class=\"ngg-clear\"><\/div>\n\t<\/div>\n<\/p>\n","protected":false},"excerpt":{"rendered":"<p>Am Sonntag\u00a0den 1. November von 12:00 \u2013 18:00 Uhr Die Ateliers in Wiesbaden Mitte \u00f6ffnen 2015 wieder Ihre T\u00fcren! K\u00fcnstlerinnen und K\u00fcnstler, Galerien und Werkst\u00e4tten aus Wiesbaden-Mitte \u00f6ffnen\u00a0ihre T\u00fcren ihrer Ateliers, Werkst\u00e4tten und Galerien und laden Sie ein zum Kunstrundgang in Wiesbaden Mitte. An diesem &#8222;Kunst-Sonntag&#8220; habe ich zusammen mit dem Photografen Andreas Winkler Pastelle&hellip; <a class=\"more-link\" href=\"https:\/\/www.eitel-art.de\/?page_id=757\"><span class=\"screen-reader-text\">Tatorte Kunst 2015<\/span> weiterlesen<\/a><\/p>\n","protected":false},"author":1,"featured_media":931,"parent":546,"menu_order":0,"comment_status":"closed","ping_status":"closed","template":"","meta":{"ngg_post_thumbnail":0},"_links":{"self":[{"href":"https:\/\/www.eitel-art.de\/index.php?rest_route=\/wp\/v2\/pages\/757"}],"collection":[{"href":"https:\/\/www.eitel-art.de\/index.php?rest_route=\/wp\/v2\/pages"}],"about":[{"href":"https:\/\/www.eitel-art.de\/index.php?rest_route=\/wp\/v2\/types\/page"}],"author":[{"embeddable":true,"href":"https:\/\/www.eitel-art.de\/index.php?rest_route=\/wp\/v2\/users\/1"}],"replies":[{"embeddable":true,"href":"https:\/\/www.eitel-art.de\/index.php?rest_route=%2Fwp%2Fv2%2Fcomments&post=757"}],"version-history":[{"count":11,"href":"https:\/\/www.eitel-art.de\/index.php?rest_route=\/wp\/v2\/pages\/757\/revisions"}],"predecessor-version":[{"id":1078,"href":"https:\/\/www.eitel-art.de\/index.php?rest_route=\/wp\/v2\/pages\/757\/revisions\/1078"}],"up":[{"embeddable":true,"href":"https:\/\/www.eitel-art.de\/index.php?rest_route=\/wp\/v2\/pages\/546"}],"wp:featuredmedia":[{"embeddable":true,"href":"https:\/\/www.eitel-art.de\/index.php?rest_route=\/wp\/v2\/media\/931"}],"wp:attachment":[{"href":"https:\/\/www.eitel-art.de\/index.php?rest_route=%2Fwp%2Fv2%2Fmedia&parent=757"}],"curies":[{"name":"wp","href":"https:\/\/api.w.org\/{rel}","templated":true}]}}